{"id":12340,"date":"2023-05-01T14:14:59","date_gmt":"2023-05-01T14:14:59","guid":{"rendered":"https:\/\/das-montessori-spielzeug.de\/?post_type=product&#038;p=12340"},"modified":"2023-07-21T13:35:50","modified_gmt":"2023-07-21T13:35:50","slug":"schubkarren-mit-bausteinen-in-pastellfarben","status":"publish","type":"product","link":"https:\/\/das-montessori-spielzeug.de\/de\/product\/schubkarren-mit-bausteinen-in-pastellfarben","title":{"rendered":"Schiebewagen mit pastellfarbenen Bauw\u00fcrfeln"},"content":{"rendered":"<h2>Ein Lauflernwagen, ideal f\u00fcr die ersten Schritte Ihres Kindes<\/h2>\n<p>Die <strong>Schiebewagen mit pastellfarbenen Bauw\u00fcrfeln<\/strong> ist der ideale Begleiter, um Ihr Kind bei seinen ersten Schritten zu begleiten und gleichzeitig seine Motorik und seine Wachheit zu f\u00f6rdern. Dieser Lauflernwagen f\u00fcr Babys bietet :<\/p>\n<ul>\n<li>Stabilit\u00e4t und Sicherheit f\u00fcr Ihr Kind<\/li>\n<li>Pastellfarbene Baukl\u00f6tze zur Anregung der Fantasie<\/li>\n<li>Ein Montessori-Design, das Selbstst\u00e4ndigkeit und Lernen f\u00f6rdert<\/li>\n<\/ul>\n<h2>Ein p\u00e4dagogisches und kreatives Spielzeug f\u00fcr kleine angehende Architekten<\/h2>\n<p>Dieser Lauflernwagen f\u00fcr Babys wird mit <strong>pastellfarbene Baukl\u00f6tze<\/strong>Mit diesen W\u00fcrfeln kann Ihr Kind seine Kreativit\u00e4t ausleben und seine kognitiven F\u00e4higkeiten entwickeln. Die sanften und harmonischen Farben der W\u00fcrfel regen zum Spielen an und beruhigen gleichzeitig die Augen.<\/p>\n<p>Indem Sie den Prinzipien der <em>Montessori-P\u00e4dagogik<\/em>Dieses Lernspielzeug hilft Ihrem Kind, die Hand-Augen-Koordination und die r\u00e4umliche Wahrnehmung zu entwickeln, und st\u00e4rkt durch Erfolgserlebnisse sein Selbstvertrauen.<\/p>\n<p><img decoding=\"async\" src=\"https:\/\/ae01.alicdn.com\/kf\/S892a424c2f674694832494af1e65c3a5y.jpg\" alt=\"\" title=\"\"><\/p>\n<h2>Ein einzigartiges und sicheres Spielerlebnis f\u00fcr Ihr Kind<\/h2>\n<p>Entworfen mit Blick auf die <em>Sicherheit<\/em> Ihres Kindes ist der Pusher Wagen mit Baukl\u00f6tzen in Pastell aus hochwertigen Materialien gefertigt, die seine Langlebigkeit und Widerstandsf\u00e4higkeit garantieren. Die breiten und stabilen R\u00e4der bieten optimalen Halt bei den ersten Schritten Ihres Kindes, sodass es die Welt selbstbewusst erkunden kann.<\/p>\n<p>Es ist an der Zeit, Ihrem Kind ein einzigartiges und lehrreiches Spielerlebnis mit diesem Schubkarren mit Baukl\u00f6tzen in Pastellfarben zu bieten. <strong><em>Klicken Sie hier, um jetzt zu bestellen und eine schnelle Lieferung nach Hause zu erhalten!<\/em><\/strong><\/p>","protected":false},"excerpt":{"rendered":"<ul>\n<li>Stabilit\u00e4t und Sicherheit<\/li>\n<li>Die Vorstellungskraft anregen<\/li>\n<li>F\u00f6rdert Selbstst\u00e4ndigkeit und Lernen<\/li>\n<\/ul>","protected":false},"featured_media":12339,"template":"","meta":[],"product_brand":[],"product_cat":[341,342,320],"product_tag":[],"class_list":{"0":"post-12340","1":"product","2":"type-product","3":"status-publish","4":"has-post-thumbnail","6":"product_cat-jeux-montessori-6mois-1an","7":"product_cat-jeux-montessori-1an-18mois","8":"product_cat-chariot-marche-bebe","10":"first","11":"instock","12":"shipping-taxable","13":"purchasable","14":"product-type-simple"},"_links":{"self":[{"href":"https:\/\/das-montessori-spielzeug.de\/de\/wp-json\/wp\/v2\/product\/12340","targetHints":{"allow":["GET"]}}],"collection":[{"href":"https:\/\/das-montessori-spielzeug.de\/de\/wp-json\/wp\/v2\/product"}],"about":[{"href":"https:\/\/das-montessori-spielzeug.de\/de\/wp-json\/wp\/v2\/types\/product"}],"version-history":[{"count":0,"href":"https:\/\/das-montessori-spielzeug.de\/de\/wp-json\/wp\/v2\/product\/12340\/revisions"}],"wp:featuredmedia":[{"embeddable":true,"href":"https:\/\/das-montessori-spielzeug.de\/de\/wp-json\/wp\/v2\/media\/12339"}],"wp:attachment":[{"href":"https:\/\/das-montessori-spielzeug.de\/de\/wp-json\/wp\/v2\/media?parent=12340"}],"wp:term":[{"taxonomy":"product_brand","embeddable":true,"href":"https:\/\/das-montessori-spielzeug.de\/de\/wp-json\/wp\/v2\/product_brand?post=12340"},{"taxonomy":"product_cat","embeddable":true,"href":"https:\/\/das-montessori-spielzeug.de\/de\/wp-json\/wp\/v2\/product_cat?post=12340"},{"taxonomy":"product_tag","embeddable":true,"href":"https:\/\/das-montessori-spielzeug.de\/de\/wp-json\/wp\/v2\/product_tag?post=12340"}],"curies":[{"name":"wp","href":"https:\/\/api.w.org\/{rel}","templated":true}]}}