{"id":12191,"date":"2023-05-01T12:06:51","date_gmt":"2023-05-01T12:06:51","guid":{"rendered":"https:\/\/das-montessori-spielzeug.de\/?post_type=product&#038;p=12191"},"modified":"2026-04-27T18:14:36","modified_gmt":"2026-04-27T16:14:36","slug":"holzpuzzle-fahrzeuge","status":"publish","type":"product","link":"https:\/\/das-montessori-spielzeug.de\/de\/product\/holzpuzzle-fahrzeuge","title":{"rendered":"Puzzle-Fahrzeuge aus Holz"},"content":{"rendered":"<h2>Das Montessori-Holzpuzzle Fahrzeuge, um die Fantasie der Kinder zu entwickeln<\/h2>\n<p>Geben Sie Ihren Kindern das <strong>Puzzle-Fahrzeuge aus Holz<\/strong>Das Puzzle ist ein von der Montessori-P\u00e4dagogik inspiriertes Lernspiel, das ihre Fantasie und Kreativit\u00e4t anregen wird. Dieses hochwertige Holzpuzzle zeigt verschiedene Fahrzeuge, wie z.B. ein Feuerwehrauto oder ein Flugzeug.<\/p>\n<ul>\n<li>Verbessert die Hand-Augen-Koordination und die Feinmotorik<\/li>\n<li>St\u00e4rkt die Konzentration und die Probleml\u00f6sungsf\u00e4higkeit<\/li>\n<li>F\u00f6rdert das Lernen und Entdecken von Fahrzeugen<\/li>\n<\/ul>\n<h2>Teile aus Naturholz f\u00fcr nachhaltiges und umweltfreundliches Spielen<\/h2>\n<p>Die M\u00fcnzen in diesem <em>Spiel aus Holz<\/em> sind aus Naturholz gefertigt, was sie zu einem umweltfreundlichen und nachhaltigen Spielzeug macht. Die <strong>Holzpuzzles<\/strong> eignen sich hervorragend f\u00fcr umweltbewusste Eltern, die ihre Kinder mit <strong>Lernspielzeug<\/strong> von hoher Qualit\u00e4t f\u00fcr ihre Kinder. Au\u00dferdem sind die Holzteile perfekt f\u00fcr kleine H\u00e4nde geeignet und erleichtern so die<strong>Zusammenstellung<\/strong> des Puzzles.<\/p>\n<h2>Ein anregendes R\u00e4tsel f\u00fcr neugierige Kinder<\/h2>\n<p>Die <strong>Puzzle-Fahrzeuge aus Holz<\/strong> ist eine gro\u00dfartige M\u00f6glichkeit f\u00fcr Kinder, ihre Probleml\u00f6sungsf\u00e4higkeiten zu entwickeln. Dieses Holzpuzzle wird sie zum Nachdenken und Experimentieren mit verschiedenen Kombinationen anregen, um die Teile zusammenzusetzen und so <strong>Kinderspielzeug<\/strong> einzigartig. Mit diesem Holzbaukasten werden die Kinder von den verschiedenen Fahrzeugen gefesselt und k\u00f6nnen sich vorstellen, fantastische Abenteuer zu erleben.<\/p>\n<p>Wenn Sie dieses Spielzeug f\u00fcr Jungen oder M\u00e4dchen verschenken, tragen Sie zur Entwicklung ihrer sozialen und kognitiven F\u00e4higkeiten bei und sorgen gleichzeitig f\u00fcr stundenlange Unterhaltung und Lernerfolge. Holzbauk\u00e4sten sind perfekte Geschenke f\u00fcr Geburtstage, Weihnachten oder andere besondere Anl\u00e4sse.<\/p>\n<p>Warten Sie nicht l\u00e4nger und schenken Sie Ihrem Kind den <strong>Puzzle-Fahrzeuge aus Holz<\/strong>ein <em>Montessori Lernspiel<\/em> die es zum Staunen bringt und ihm hilft, zu wachsen. <strong><a>Jetzt kaufen<\/a><\/strong> und beobachten Sie, wie Ihr Kind mit diesem fantastischen Baukasten aufbl\u00fcht!<\/p>","protected":false},"excerpt":{"rendered":"<p>Le Puzzle en Bois V\u00e9hicules Montessori pour d\u00e9velopper l&#8217;imagination des enfants Offrez \u00e0 vos enfants le Puzzle en Bois V\u00e9hicules,<\/p>","protected":false},"featured_media":12134,"template":"","meta":[],"product_brand":[],"product_cat":[347,342,343,344],"product_tag":[],"class_list":{"0":"post-12191","1":"product","2":"type-product","3":"status-publish","4":"has-post-thumbnail","6":"product_cat-puzzle-enfant","7":"product_cat-jeux-montessori-1an-18mois","8":"product_cat-jeux-montessori-18mois-2ans","9":"product_cat-jeux-montessori-2ans-3-ans","11":"first","12":"instock","13":"sale","14":"shipping-taxable","15":"purchasable","16":"product-type-variable"},"_links":{"self":[{"href":"https:\/\/das-montessori-spielzeug.de\/de\/wp-json\/wp\/v2\/product\/12191","targetHints":{"allow":["GET"]}}],"collection":[{"href":"https:\/\/das-montessori-spielzeug.de\/de\/wp-json\/wp\/v2\/product"}],"about":[{"href":"https:\/\/das-montessori-spielzeug.de\/de\/wp-json\/wp\/v2\/types\/product"}],"version-history":[{"count":0,"href":"https:\/\/das-montessori-spielzeug.de\/de\/wp-json\/wp\/v2\/product\/12191\/revisions"}],"wp:featuredmedia":[{"embeddable":true,"href":"https:\/\/das-montessori-spielzeug.de\/de\/wp-json\/wp\/v2\/media\/12134"}],"wp:attachment":[{"href":"https:\/\/das-montessori-spielzeug.de\/de\/wp-json\/wp\/v2\/media?parent=12191"}],"wp:term":[{"taxonomy":"product_brand","embeddable":true,"href":"https:\/\/das-montessori-spielzeug.de\/de\/wp-json\/wp\/v2\/product_brand?post=12191"},{"taxonomy":"product_cat","embeddable":true,"href":"https:\/\/das-montessori-spielzeug.de\/de\/wp-json\/wp\/v2\/product_cat?post=12191"},{"taxonomy":"product_tag","embeddable":true,"href":"https:\/\/das-montessori-spielzeug.de\/de\/wp-json\/wp\/v2\/product_tag?post=12191"}],"curies":[{"name":"wp","href":"https:\/\/api.w.org\/{rel}","templated":true}]}}