{"id":12009,"date":"2023-04-25T15:34:37","date_gmt":"2023-04-25T15:34:37","guid":{"rendered":"https:\/\/das-montessori-spielzeug.de\/?post_type=product&#038;p=12009"},"modified":"2025-06-29T21:54:48","modified_gmt":"2025-06-29T19:54:48","slug":"magnetischer-baukasten","status":"publish","type":"product","link":"https:\/\/das-montessori-spielzeug.de\/de\/product\/magnetischer-baukasten","title":{"rendered":"Magnetisches Konstruktionsspiel f\u00fcr Kinder"},"content":{"rendered":"<h2>Magnetisches Konstruktionsspiel f\u00fcr Kinder : Entwickeln Sie die Kreativit\u00e4t und Vorstellungskraft Ihres Kindes.<\/h2>\n<p>Unser <strong>Magnetisches Konstruktionsspiel f\u00fcr Kinder<\/strong> ist das perfekte Werkzeug zur Stimulierung der <em>Kreativit\u00e4t<\/em> und die<em>Vorstellungskraft<\/em> Ihrer Kinder und bietet ihnen gleichzeitig einen <em>spielerisches Lernen<\/em>.<\/p>\n<ul>\n<li>Entwickelt visuell-r\u00e4umliche F\u00e4higkeiten und Probleml\u00f6sungskompetenz<\/li>\n<li>f\u00f6rdert kritisches Denken und Kreativit\u00e4t<\/li>\n<li>Sorgt f\u00fcr stundenlangen Spielspa\u00df mit unendlichen Baum\u00f6glichkeiten<\/li>\n<\/ul>\n<p><a href=\"https:\/\/das-montessori-spielzeug.de\/wp-content\/uploads\/2023\/04\/Bloc-construction-magnetique-2.gif\"><img fetchpriority=\"high\" decoding=\"async\" class=\"size-full wp-image-13600 aligncenter\" src=\"https:\/\/das-montessori-spielzeug.de\/wp-content\/uploads\/2023\/04\/Bloc-construction-magnetique-2.gif\" alt=\"Gif von verschiedenen Errungenschaften mit Magnetbausteinen\" width=\"540\" height=\"540\" title=\"\"><\/a><\/p>\n<p>&nbsp;<\/p>\n<h2>Ein p\u00e4dagogisches Spielzeug f\u00fcr Kinder, das das Lernen f\u00f6rdert<\/h2>\n<p>Mit diesem <strong>Lernspiel f\u00fcr Kinder<\/strong>Die Kinder lernen, wie man die einzelnen Teile zusammensetzt. <em>magnetische Teile<\/em> um 3D-Strukturen zu erstellen. Diese <strong><a href=\"https:\/\/vl-media.fr\/jouets-stem-codage-jeux-deveil\/\" target=\"_blank\" rel=\"noopener\">STEM-Spiel<\/a> (Sciences, Technologies, Engineering, Math) f\u00fcr Kinder<\/strong> erm\u00f6glicht es, ihre F\u00e4higkeiten zur Probleml\u00f6sung und zum kritischen Denken zu entwickeln, w\u00e4hrend sie dank einer Reihe von lebhaften und vibrierenden Farben Spa\u00df haben.<\/p>\n<p><img decoding=\"async\" class=\"wp-image-12034 aligncenter\" src=\"https:\/\/das-montessori-spielzeug.de\/wp-content\/uploads\/2023\/04\/pmimg2_540x-2.webp\" alt=\"von oben gehaltener, h\u00e4ngender Baukasten\" width=\"452\" height=\"452\" title=\"\" srcset=\"https:\/\/das-montessori-spielzeug.de\/wp-content\/uploads\/2023\/04\/pmimg2_540x-2.webp 540w, https:\/\/das-montessori-spielzeug.de\/wp-content\/uploads\/2023\/04\/pmimg2_540x-2-300x300.webp 300w, https:\/\/das-montessori-spielzeug.de\/wp-content\/uploads\/2023\/04\/pmimg2_540x-2-150x150.webp 150w, https:\/\/das-montessori-spielzeug.de\/wp-content\/uploads\/2023\/04\/pmimg2_540x-2-40x40.webp 40w, https:\/\/das-montessori-spielzeug.de\/wp-content\/uploads\/2023\/04\/pmimg2_540x-2-132x132.webp 132w, https:\/\/das-montessori-spielzeug.de\/wp-content\/uploads\/2023\/04\/pmimg2_540x-2-430x430.webp 430w\" sizes=\"(max-width: 452px) 100vw, 452px\" \/><\/p>\n<h2>Erstellen und erforschen Sie mit dem Magnetbaukasten<\/h2>\n<p>Die <em>magnetischer Bausatz<\/em> bietet Kindern unendliche M\u00f6glichkeiten, Wolkenkratzer, robotische Erfindungen und vieles mehr zu bauen. Dank der<strong>Magnetanordnung<\/strong>Mit dem \"Kreativit\u00e4tstrainer\" kann Ihr Kind alles erschaffen, was ihm in den Sinn kommt, und stundenlang kreativen Spa\u00df haben!<\/p>\n<p>Es ist an der Zeit, dass Ihr Kind die Welt der <em>Magnetkonstruktion<\/em> mit unseren <strong>Magnetbl\u00f6cke<\/strong>. Bieten Sie Ihrem Kind spielerisches, anregendes und bereicherndes Lernen und w\u00e4hlen Sie jetzt unsere <em>Magnetisches Konstruktionsspiel f\u00fcr Kinder<\/em> !<\/p>\n<p><strong><em>Klicken Sie auf \"In den Warenkorb\" und erm\u00f6glichen Sie Ihrem Kind noch heute, seine Kreativit\u00e4t und Vorstellungskraft zu entwickeln!<\/em><\/strong><\/p>\n<p>&nbsp;<\/p>\n<p><a href=\"https:\/\/das-montessori-spielzeug.de\/wp-content\/uploads\/2023\/04\/bloc-construction-magnetique.gif\"><img decoding=\"async\" class=\"size-full wp-image-13599 aligncenter\" src=\"https:\/\/das-montessori-spielzeug.de\/wp-content\/uploads\/2023\/04\/bloc-construction-magnetique.gif\" alt=\"Gifs von Errungenschaften mit magnetischen Baukl\u00f6tzen\" width=\"540\" height=\"540\" title=\"\"><\/a><\/p>\n<p>&nbsp;<\/p>","protected":false},"excerpt":{"rendered":"<ul>\n<li>Entwicklung visuell-r\u00e4umlicher F\u00e4higkeiten<\/li>\n<li>f\u00f6rdert kritisches Denken und Kreativit\u00e4t<\/li>\n<li>Sorgt f\u00fcr stundenlangen Spa\u00df<\/li>\n<\/ul>","protected":false},"featured_media":12033,"template":"","meta":[],"product_brand":[],"product_cat":[905,367,354,344,345,346],"product_tag":[],"class_list":{"0":"post-12009","1":"product","2":"type-product","3":"status-publish","4":"has-post-thumbnail","6":"product_cat-bestseller","7":"product_cat-jeu-construction","8":"product_cat-jouet-construction","9":"product_cat-jeux-montessori-2ans-3-ans","10":"product_cat-jeux-montessori-3ans-4-ans","11":"product_cat-jeux-montessori-4ans-5-plus-ans","13":"first","14":"instock","15":"sale","16":"shipping-taxable","17":"purchasable","18":"product-type-variable"},"_links":{"self":[{"href":"https:\/\/das-montessori-spielzeug.de\/de\/wp-json\/wp\/v2\/product\/12009","targetHints":{"allow":["GET"]}}],"collection":[{"href":"https:\/\/das-montessori-spielzeug.de\/de\/wp-json\/wp\/v2\/product"}],"about":[{"href":"https:\/\/das-montessori-spielzeug.de\/de\/wp-json\/wp\/v2\/types\/product"}],"version-history":[{"count":0,"href":"https:\/\/das-montessori-spielzeug.de\/de\/wp-json\/wp\/v2\/product\/12009\/revisions"}],"wp:featuredmedia":[{"embeddable":true,"href":"https:\/\/das-montessori-spielzeug.de\/de\/wp-json\/wp\/v2\/media\/12033"}],"wp:attachment":[{"href":"https:\/\/das-montessori-spielzeug.de\/de\/wp-json\/wp\/v2\/media?parent=12009"}],"wp:term":[{"taxonomy":"product_brand","embeddable":true,"href":"https:\/\/das-montessori-spielzeug.de\/de\/wp-json\/wp\/v2\/product_brand?post=12009"},{"taxonomy":"product_cat","embeddable":true,"href":"https:\/\/das-montessori-spielzeug.de\/de\/wp-json\/wp\/v2\/product_cat?post=12009"},{"taxonomy":"product_tag","embeddable":true,"href":"https:\/\/das-montessori-spielzeug.de\/de\/wp-json\/wp\/v2\/product_tag?post=12009"}],"curies":[{"name":"wp","href":"https:\/\/api.w.org\/{rel}","templated":true}]}}