{"id":11877,"date":"2023-04-22T12:43:48","date_gmt":"2023-04-22T12:43:48","guid":{"rendered":"https:\/\/das-montessori-spielzeug.de\/?post_type=product&#038;p=11877"},"modified":"2025-09-18T15:04:46","modified_gmt":"2025-09-18T13:04:46","slug":"beisring-holz-autos","status":"publish","type":"product","link":"https:\/\/das-montessori-spielzeug.de\/de\/product\/beisring-holz-autos","title":{"rendered":"Bei\u00dfring aus Holz \u2013 Autos"},"content":{"rendered":"<h2>G\u00f6nnen Sie Ihrem Kind die besten Z\u00e4hne mit den Bei\u00dfringen aus Holz Autos<\/h2>\n<p>DER <strong>Bei\u00dfringe aus Holz<\/strong> <strong>Autos <\/strong>sind die ideale Wahl, um die Schmerzen und den Juckreiz beim Zahnen Ihres Kindes zu lindern und gleichzeitig die Sinne Ihres Kindes durch die lustigen Formen der kleinen Autos zu stimulieren. Diese Bei\u00dfringe wurden nach den Montessori-Grunds\u00e4tzen entwickelt und aus Materialien hergestellt, die f\u00fcr Kleinkinder sicher sind.<\/p>\n<ul>\n<li><em>Sichere und nat\u00fcrliche Materialien :<\/em> ohne BPA, ohne Phthalate, ohne PVC<\/li>\n<li><em>Erwecken der Sinne :<\/em> entwickelt die Koordination und Feinmotorik<\/li>\n<li><em>Leicht zu reinigen :<\/em> verwenden Sie einfach ein warmes Handtuch zum Abwischen<\/li>\n<\/ul>\n<p><img decoding=\"async\" style=\"margin-bottom: 10px;\" src=\"https:\/\/ae01.alicdn.com\/kf\/H008ea6631d934d3bb40072a57f8ec083y.jpg\" alt=\"\" title=\"\"><\/p>\n<h2>Umweltfreundliche Materialien f\u00fcr gesunde Z\u00e4hne<\/h2>\n<p>DER <strong>Bei\u00dfringe aus Holz Autos <\/strong>werden aus nat\u00fcrlichem Holz ohne sch\u00e4dliche Chemikalien hergestellt. Sie sind <strong><em>ohne BPA, ohne Phthalate, ohne PVC<\/em><\/strong>Dadurch wird sichergestellt, dass das Produkt nicht nur umweltfreundlich, sondern auch sicher f\u00fcr Ihr Kind ist. Ihr einzigartiges, verspieltes Design in Form von Autos macht sie f\u00fcr Kleinkinder attraktiv und angenehm zu handhaben.<\/p>\n<p><img decoding=\"async\" style=\"margin-bottom: 10px;\" src=\"https:\/\/ae01.alicdn.com\/kf\/Hd744f8926d104c57a4c28e7125dd7debc.jpg\" alt=\"\" title=\"\"><\/p>\n<h2>Ein von der Montessori-Methode inspiriertes Design, um die Sinne und das Lernen anzuregen<\/h2>\n<p>Diese Bei\u00dfringe orientieren sich an den Prinzipien der <em>Montessori-P\u00e4dagogik<\/em>Diese Ringe f\u00f6rdern die Entwicklung der motorischen und sensorischen F\u00e4higkeiten Ihres Kindes und helfen ihm, Zahnschmerzen zu lindern. Dank ihrer Autoform f\u00f6rdern diese Ringe au\u00dferdem die Kreativit\u00e4t und Fantasie Ihres Kindes und tragen dazu bei, dass seine Sinne angeregt werden.<\/p>\n<p><strong>Reinigungstipp :<\/strong> Um die Hygiene dieser Bei\u00dfringe zu gew\u00e4hrleisten, achten Sie darauf, sie vor dem Gebrauch mit einem warmen Handtuch abzuwischen. Waschen Sie sie nicht mit Wasser, um die Qualit\u00e4t des Holzes zu erhalten.<\/p>\n<p>Schenken Sie Ihrem Kind jetzt diese <strong>Autos Bei\u00dfringe aus Holz<\/strong> um es bei seiner Entwicklung zu begleiten und seine Zahnschmerzen zu lindern. <em><strong>Warten Sie nicht l\u00e4nger, sondern legen Sie sie jetzt in Ihren Warenkorb!<\/strong><\/em><\/p>","protected":false},"excerpt":{"rendered":"<p>Offrez \u00e0 votre enfant le meilleur de la dentition avec les Anneaux de Dentition en Bois\u00a0Voitures Les Anneaux de Dentition<\/p>","protected":false},"featured_media":11923,"template":"","meta":[],"product_brand":[],"product_cat":[352,335,298],"product_tag":[],"class_list":{"0":"post-11877","1":"product","2":"type-product","3":"status-publish","4":"has-post-thumbnail","6":"product_cat-hochet","7":"product_cat-jeux-montessori-0-3mois","8":"product_cat-anneau-dentition","10":"first","11":"instock","12":"sale","13":"shipping-taxable","14":"purchasable","15":"product-type-variable"},"_links":{"self":[{"href":"https:\/\/das-montessori-spielzeug.de\/de\/wp-json\/wp\/v2\/product\/11877","targetHints":{"allow":["GET"]}}],"collection":[{"href":"https:\/\/das-montessori-spielzeug.de\/de\/wp-json\/wp\/v2\/product"}],"about":[{"href":"https:\/\/das-montessori-spielzeug.de\/de\/wp-json\/wp\/v2\/types\/product"}],"version-history":[{"count":0,"href":"https:\/\/das-montessori-spielzeug.de\/de\/wp-json\/wp\/v2\/product\/11877\/revisions"}],"wp:featuredmedia":[{"embeddable":true,"href":"https:\/\/das-montessori-spielzeug.de\/de\/wp-json\/wp\/v2\/media\/11923"}],"wp:attachment":[{"href":"https:\/\/das-montessori-spielzeug.de\/de\/wp-json\/wp\/v2\/media?parent=11877"}],"wp:term":[{"taxonomy":"product_brand","embeddable":true,"href":"https:\/\/das-montessori-spielzeug.de\/de\/wp-json\/wp\/v2\/product_brand?post=11877"},{"taxonomy":"product_cat","embeddable":true,"href":"https:\/\/das-montessori-spielzeug.de\/de\/wp-json\/wp\/v2\/product_cat?post=11877"},{"taxonomy":"product_tag","embeddable":true,"href":"https:\/\/das-montessori-spielzeug.de\/de\/wp-json\/wp\/v2\/product_tag?post=11877"}],"curies":[{"name":"wp","href":"https:\/\/api.w.org\/{rel}","templated":true}]}}