{"id":11769,"date":"2023-04-18T22:03:23","date_gmt":"2023-04-18T22:03:23","guid":{"rendered":"https:\/\/das-montessori-spielzeug.de\/?post_type=product&#038;p=11769"},"modified":"2026-03-02T11:53:48","modified_gmt":"2026-03-02T10:53:48","slug":"rassel-aus-holz-und-gestrickten-ringeln","status":"publish","type":"product","link":"https:\/\/das-montessori-spielzeug.de\/de\/product\/rassel-aus-holz-und-gestrickten-ringeln","title":{"rendered":"Gestrickte tierische Holzrasseln"},"content":{"rendered":"<h2><strong>Bieten Sie Ihrem Kind mit den Rasseln aus Holz Gestrickte Tiere einen Moment der Entspannung und F\u00f6rderung.<\/strong><\/h2>\n<p>DER <strong>Gestrickte tierische Holzrasseln<\/strong> sind der ideale Begleiter, um Ihr Kind auf sanfte Weise zu unterhalten und zu stimulieren. Nach den Montessori-Prinzipien entworfen und aus nat\u00fcrlichen und sicheren Materialien hergestellt, werden diese Rasseln Kleinkinder und ihre Eltern begeistern.<\/p>\n<ul>\n<li><em>Erwecken der Sinne :<\/em> entwickelt die Koordination und Feinmotorik<\/li>\n<li><em>Nat\u00fcrliche Materialien :<\/em> gestricktes Holz und Tiere f\u00fcr ein angenehmes Gef\u00fchl<\/li>\n<li><em>Attraktives Design :<\/em> bunte und lustige Stricktiere<\/li>\n<\/ul>\n<p><img fetchpriority=\"high\" decoding=\"async\" class=\"aligncenter\" src=\"https:\/\/ae01.alicdn.com\/kf\/S015c175e170e44f8beda67fd08ff0e24F.jpg\" width=\"1017\" height=\"1017\" alt=\"\" title=\"\"><\/p>\n<h2>Ein Montessori-Spielzeug zur Stimulierung der Sinne und zur F\u00f6rderung des Lernens<\/h2>\n<p>Inspiriert von der <em>Montessori-P\u00e4dagogik<\/em>Die Holzrasseln \"Gestrickte Tiere\" wurden entwickelt, um die Sinne Ihres Kindes anzuregen und seine Entwicklung zu f\u00f6rdern. Mit ihrem einzigartigen und spielerischen Design f\u00f6rdern diese Rasseln aus Holz die Neugier, Kreativit\u00e4t und Fantasie Ihres Kindes und regen gleichzeitig seine Motorik und Koordination an.<\/p>\n<p><img decoding=\"async\" class=\"aligncenter\" src=\"https:\/\/ae01.alicdn.com\/kf\/Sf06dcf2f8df644e1b7e287e3428e2e40b.jpg\" width=\"1070\" height=\"1070\" alt=\"\" title=\"\"><\/p>\n<h2>Nat\u00fcrliche Materialien f\u00fcr das Wohlbefinden Ihres Kindes<\/h2>\n<p>Gestrickte Rasseln aus Holz Tiere werden aus <strong>Naturholz<\/strong> und von<strong>Stricktiere<\/strong> weich und farbenfroh. Diese hochwertigen Materialien sorgen daf\u00fcr, dass Ihr Kind ein sicheres und umweltfreundliches Produkt erh\u00e4lt, das sich gut anf\u00fchlt und eine bereichernde Sinneserfahrung bietet.<\/p>\n<p>Die verschiedenen gestrickten Tiere, die diese Holzrasseln zieren, sorgen f\u00fcr einen Hauch von Fantasie und Spa\u00df, fesseln die Aufmerksamkeit Ihres Kindes und machen die Momente des Spielens noch wertvoller. Mit ihrer ergonomischen Form sind diese Rasseln f\u00fcr kleine H\u00e4nde leicht zu greifen und zu handhaben.<\/p>\n<p>Schenken Sie Ihrem Kind noch heute diese <strong>Gestrickte tierische Holzrasseln<\/strong> um es bei seiner Entfaltung und sensorischen Entwicklung zu begleiten. <em><strong>Warten Sie nicht l\u00e4nger, sondern legen Sie sie jetzt in Ihren Warenkorb!<\/strong><\/em><\/p>","protected":false},"excerpt":{"rendered":"<p>Offrez \u00e0 votre enfant un moment de d\u00e9tente et d&#8217;\u00e9veil avec les Hochets en Bois Animaux Tricot\u00e9s Les Hochets en<\/p>","protected":false},"featured_media":11768,"template":"","meta":[],"product_brand":[],"product_cat":[352,335,298],"product_tag":[],"class_list":{"0":"post-11769","1":"product","2":"type-product","3":"status-publish","4":"has-post-thumbnail","6":"product_cat-hochet","7":"product_cat-jeux-montessori-0-3mois","8":"product_cat-anneau-dentition","10":"first","11":"instock","12":"sale","13":"shipping-taxable","14":"purchasable","15":"product-type-variable"},"_links":{"self":[{"href":"https:\/\/das-montessori-spielzeug.de\/de\/wp-json\/wp\/v2\/product\/11769","targetHints":{"allow":["GET"]}}],"collection":[{"href":"https:\/\/das-montessori-spielzeug.de\/de\/wp-json\/wp\/v2\/product"}],"about":[{"href":"https:\/\/das-montessori-spielzeug.de\/de\/wp-json\/wp\/v2\/types\/product"}],"version-history":[{"count":0,"href":"https:\/\/das-montessori-spielzeug.de\/de\/wp-json\/wp\/v2\/product\/11769\/revisions"}],"wp:featuredmedia":[{"embeddable":true,"href":"https:\/\/das-montessori-spielzeug.de\/de\/wp-json\/wp\/v2\/media\/11768"}],"wp:attachment":[{"href":"https:\/\/das-montessori-spielzeug.de\/de\/wp-json\/wp\/v2\/media?parent=11769"}],"wp:term":[{"taxonomy":"product_brand","embeddable":true,"href":"https:\/\/das-montessori-spielzeug.de\/de\/wp-json\/wp\/v2\/product_brand?post=11769"},{"taxonomy":"product_cat","embeddable":true,"href":"https:\/\/das-montessori-spielzeug.de\/de\/wp-json\/wp\/v2\/product_cat?post=11769"},{"taxonomy":"product_tag","embeddable":true,"href":"https:\/\/das-montessori-spielzeug.de\/de\/wp-json\/wp\/v2\/product_tag?post=11769"}],"curies":[{"name":"wp","href":"https:\/\/api.w.org\/{rel}","templated":true}]}}