{"id":11698,"date":"2023-04-18T19:58:29","date_gmt":"2023-04-18T19:58:29","guid":{"rendered":"https:\/\/das-montessori-spielzeug.de\/?post_type=product&#038;p=11698"},"modified":"2025-03-18T14:16:57","modified_gmt":"2025-03-18T13:16:57","slug":"holzkiste-rutsche-permanentobjekte-3-ausgange","status":"publish","type":"product","link":"https:\/\/das-montessori-spielzeug.de\/de\/product\/holzkiste-rutsche-permanentobjekte-3-ausgange","title":{"rendered":"Holzkiste Rutsche Objektpermanenz 3 Ausg\u00e4nge"},"content":{"rendered":"<h2>Wecken Sie die Neugier Ihres Kindes mit der Holzkiste Rutsche Objektpermanenz 3 Ausg\u00e4nge.<\/h2>\n<p>Geben Sie Ihrem Kind die Gelegenheit, seine Beobachtungsgabe und seinen Entdeckergeist zu entwickeln, mit unserem <strong>Holzkiste Rutsche Objektpermanenz 3 Ausg\u00e4nge<\/strong>. Diese geniale, von der Montessori-P\u00e4dagogik inspirierte Box wurde entwickelt, um die Wachheit und das Lernen bei kleinen Kindern zu f\u00f6rdern. Hier sind die wichtigsten Vorteile dieses wunderbaren Spielzeugs :<\/p>\n<ul>\n<li><em>Stimulation der Feinmotorik<\/em><\/li>\n<li><em>St\u00e4rkung der Hand-Augen-Koordination<\/em><\/li>\n<li><em>Entwicklung von Logik und Probleml\u00f6sung<\/em><\/li>\n<\/ul>\n<h2>Verspieltes Design, um die Aufmerksamkeit der Kinder zu fesseln<\/h2>\n<p>Die <strong>Holzkiste Rutsche<\/strong> ist oben mit einem Parcours ausgestattet, in den Ihr Kind einen Ball legen kann, der sich dreht, bis er in die Schachtel passt. Die drei verschiedenen Entnahmeausg\u00e4nge bieten einzigartige und abwechslungsreiche Erlebnisse. Ihr Kind kann sich damit vergn\u00fcgen, die T\u00fcren nach links oder oben zu \u00f6ffnen oder den Schlitz zu benutzen, um den Ball zur\u00fcckzuholen und das Spiel von vorne zu beginnen.<\/p>\n<h2>Ein Lernspielzeug f\u00fcr Eltern, die sich um die Bildung ihrer Kinder sorgen<\/h2>\n<p>Als Eltern wissen Sie, wie wichtig eine anregende und altersgerechte Umgebung f\u00fcr Ihr Kind ist. Aus diesem Grund ist die <strong>Holzkiste Rutsche Objektpermanenz 3 Ausg\u00e4nge<\/strong> wird Ihr Kind begeistern und es stundenlang besch\u00e4ftigen.<\/p>\n<p><strong>Dann z\u00f6gern Sie nicht l\u00e4nger und geben Sie Ihrem Kind die M\u00f6glichkeit, zu wachsen und dabei Spa\u00df zu haben, mit der Holzkiste Rutsche Objekt Permanence d'Objets 3 Sorties. <em>Klicken Sie jetzt auf \"In den Warenkorb\", um eine Bestellung aufzugeben.<\/em>.<\/strong><\/p>","protected":false},"excerpt":{"rendered":"<p>\u00c9veillez la curiosit\u00e9 de votre enfant avec la Boite en Bois Toboggan Permanence d&#8217;Objets 3 Sorties Offrez \u00e0 votre enfant<\/p>","protected":false},"featured_media":11706,"template":"","meta":[],"product_brand":[],"product_cat":[374,342,343],"product_tag":[],"class_list":{"0":"post-11698","1":"product","2":"type-product","3":"status-publish","4":"has-post-thumbnail","6":"product_cat-jeu-adresse","7":"product_cat-jeux-montessori-1an-18mois","8":"product_cat-jeux-montessori-18mois-2ans","10":"first","11":"outofstock","12":"sale","13":"shipping-taxable","14":"purchasable","15":"product-type-simple"},"_links":{"self":[{"href":"https:\/\/das-montessori-spielzeug.de\/de\/wp-json\/wp\/v2\/product\/11698","targetHints":{"allow":["GET"]}}],"collection":[{"href":"https:\/\/das-montessori-spielzeug.de\/de\/wp-json\/wp\/v2\/product"}],"about":[{"href":"https:\/\/das-montessori-spielzeug.de\/de\/wp-json\/wp\/v2\/types\/product"}],"version-history":[{"count":0,"href":"https:\/\/das-montessori-spielzeug.de\/de\/wp-json\/wp\/v2\/product\/11698\/revisions"}],"wp:featuredmedia":[{"embeddable":true,"href":"https:\/\/das-montessori-spielzeug.de\/de\/wp-json\/wp\/v2\/media\/11706"}],"wp:attachment":[{"href":"https:\/\/das-montessori-spielzeug.de\/de\/wp-json\/wp\/v2\/media?parent=11698"}],"wp:term":[{"taxonomy":"product_brand","embeddable":true,"href":"https:\/\/das-montessori-spielzeug.de\/de\/wp-json\/wp\/v2\/product_brand?post=11698"},{"taxonomy":"product_cat","embeddable":true,"href":"https:\/\/das-montessori-spielzeug.de\/de\/wp-json\/wp\/v2\/product_cat?post=11698"},{"taxonomy":"product_tag","embeddable":true,"href":"https:\/\/das-montessori-spielzeug.de\/de\/wp-json\/wp\/v2\/product_tag?post=11698"}],"curies":[{"name":"wp","href":"https:\/\/api.w.org\/{rel}","templated":true}]}}