{"id":11586,"date":"2023-04-13T19:43:09","date_gmt":"2023-04-13T19:43:09","guid":{"rendered":"https:\/\/das-montessori-spielzeug.de\/?post_type=product&#038;p=11586"},"modified":"2024-04-23T00:04:46","modified_gmt":"2024-04-22T23:04:46","slug":"tetris-spiel","status":"publish","type":"product","link":"https:\/\/das-montessori-spielzeug.de\/de\/product\/tetris-spiel","title":{"rendered":"Tetris Steckspiel - Holzst\u00e4nder - Unbegrenzte Anzahl von Teilen"},"content":{"rendered":"<h2>Entdecken Sie das Tetris-Spiel neu mit dem Holzsteckspiel f\u00fcr Ihre Kinder<\/h2>\n<p>Geben Sie Ihren Kindern das <strong>Tetris-Spiel<\/strong>, eine \u00fcberarbeitete und lehrreiche Version des ber\u00fchmten Videospiels. Angepasst an die <em>Montessori-Philosophie<\/em>Dieses Spiel f\u00f6rdert ihre Kreativit\u00e4t und Feinmotorik und macht Spa\u00df. Hier sind die <strong>Drei beste Gr\u00fcnde<\/strong> sich f\u00fcr dieses Spiel zu entscheiden:<\/p>\n<ul>\n<li>Entwickelt reflexive und analytische F\u00e4higkeiten<\/li>\n<li>St\u00e4rkt die Geschicklichkeit und die Hand-Auge-Koordination<\/li>\n<li>Schafft Momente der Komplizenschaft und des Teilens mit der Familie<\/li>\n<\/ul>\n<h2>Ein Lernspiel f\u00fcr Kinder, das Eltern begeistern wird<\/h2>\n<p>Zusammengesetzt aus <strong>St\u00fccke<\/strong> in verschiedenen Formen und Farben, das Tetris-Spiel erm\u00f6glicht es Ihrem Kind, seine Fantasie zu erforschen und gleichzeitig seine Logik zu trainieren. Wie im Videospiel werden die Teile ineinander gesteckt, um vollst\u00e4ndige Reihen zu bilden. Dieser spielerische Prozess regt sie dazu an, \u00fcber die besten Kombinationen nachzudenken und hilft ihnen dabei <em>ihre Konzentration verbessern<\/em>.<\/p>\n<p><img decoding=\"async\" class=\"aligncenter\" src=\"https:\/\/ae01.alicdn.com\/kf\/H9cd0c47743b84aab9400f9246f3b04e1b.jpg?width=800&amp;height=832&amp;hash=1632\" alt=\"\" title=\"\"><\/p>\n<h2>Tadellose Qualit\u00e4t f\u00fcr ein bleibendes Geschenk<\/h2>\n<p>Das Spiel Tetris ist gemacht <strong>Gute Qualit\u00e4t<\/strong>, garantiert a <em>starkes und langlebiges Produkt<\/em> die der wiederholten Handhabung durch Ihre Kinder standh\u00e4lt. Dar\u00fcber hinaus ist die <strong>helle, ungiftige Farben<\/strong> der M\u00fcnzen werden die Aufmerksamkeit der Kleinen auf sich ziehen und sie ermutigen, immer wieder zu spielen.<\/p>\n<p>Zusammenfassend ist das Tetris-Spiel das ideale Geschenk f\u00fcr Ihre Kinder <strong>Stunden voller Spa\u00df<\/strong> w\u00e4hrend sie ihre Werbung machen <em>intellektuelle und emotionale Entwicklung<\/em>. Warten Sie nicht l\u00e4nger, holen Sie sich dieses Lernspiel in Ihr Zuhause und genie\u00dfen Sie wertvolle Momente mit Ihrer Familie.<\/p>\n<p>&nbsp;<\/p>\n<p>&nbsp;<\/p>","protected":false},"excerpt":{"rendered":"<p>Red\u00e9couvrez le jeu de Tetris avec le Jeu d&#8217;Encastrement en Bois pour vos enfants Offrez \u00e0 vos enfants le Jeu<\/p>","protected":false},"featured_media":11592,"template":"","meta":[],"product_brand":[],"product_cat":[358,342,344,345,346],"product_tag":[],"class_list":{"0":"post-11586","1":"product","2":"type-product","3":"status-publish","4":"has-post-thumbnail","6":"product_cat-jeu-logique","7":"product_cat-jeux-montessori-1an-18mois","8":"product_cat-jeux-montessori-2ans-3-ans","9":"product_cat-jeux-montessori-3ans-4-ans","10":"product_cat-jeux-montessori-4ans-5-plus-ans","12":"first","13":"instock","14":"sale","15":"shipping-taxable","16":"purchasable","17":"product-type-simple"},"_links":{"self":[{"href":"https:\/\/das-montessori-spielzeug.de\/de\/wp-json\/wp\/v2\/product\/11586","targetHints":{"allow":["GET"]}}],"collection":[{"href":"https:\/\/das-montessori-spielzeug.de\/de\/wp-json\/wp\/v2\/product"}],"about":[{"href":"https:\/\/das-montessori-spielzeug.de\/de\/wp-json\/wp\/v2\/types\/product"}],"version-history":[{"count":0,"href":"https:\/\/das-montessori-spielzeug.de\/de\/wp-json\/wp\/v2\/product\/11586\/revisions"}],"wp:featuredmedia":[{"embeddable":true,"href":"https:\/\/das-montessori-spielzeug.de\/de\/wp-json\/wp\/v2\/media\/11592"}],"wp:attachment":[{"href":"https:\/\/das-montessori-spielzeug.de\/de\/wp-json\/wp\/v2\/media?parent=11586"}],"wp:term":[{"taxonomy":"product_brand","embeddable":true,"href":"https:\/\/das-montessori-spielzeug.de\/de\/wp-json\/wp\/v2\/product_brand?post=11586"},{"taxonomy":"product_cat","embeddable":true,"href":"https:\/\/das-montessori-spielzeug.de\/de\/wp-json\/wp\/v2\/product_cat?post=11586"},{"taxonomy":"product_tag","embeddable":true,"href":"https:\/\/das-montessori-spielzeug.de\/de\/wp-json\/wp\/v2\/product_tag?post=11586"}],"curies":[{"name":"wp","href":"https:\/\/api.w.org\/{rel}","templated":true}]}}