{"id":11551,"date":"2023-04-13T19:19:38","date_gmt":"2023-04-13T19:19:38","guid":{"rendered":"https:\/\/das-montessori-spielzeug.de\/?post_type=product&#038;p=11551"},"modified":"2023-07-21T13:35:39","modified_gmt":"2023-07-21T13:35:39","slug":"wasserteppich-mit-krabbenmuster","status":"publish","type":"product","link":"https:\/\/das-montessori-spielzeug.de\/de\/product\/wasserteppich-mit-krabbenmuster","title":{"rendered":"Wasserteppich mit Krabbenmuster"},"content":{"rendered":"<h2>Der Wasserteppich Krabbe: Eine neue Montessori-Erfahrung f\u00fcr Ihre Kinder<\/h2>\n<p>Lassen Sie Ihr Kind die faszinierende Welt der Meerestiere mit unserem <strong>Wasserteppich Krabbe<\/strong>ist eine mit Wasser bef\u00fcllbare Krabbelmatte, die die Neugier und Wachheit von Kleinkindern f\u00f6rdern soll. Mit dem Schwerpunkt auf den Vorteilen und nicht auf den Produkteigenschaften sind hier die drei wichtigsten Vorteile der Matte :<\/p>\n<ul>\n<li><em>Stimulation der Sinne<\/em> durch die Textur und die Bewegung des Wassers<\/li>\n<li><strong>Spielerisches Lernen<\/strong> und Interaktion mit einer fesselnden Meereswelt<\/li>\n<li>Perfekt f\u00fcr die Erweckung und Entwicklung von <strong>motorische F\u00e4higkeiten<\/strong><\/li>\n<\/ul>\n<h2>Eine spielerische und lehrreiche Wasserwelt<\/h2>\n<p>Der Wasserteppich Krabbe ist eine echte Einladung zum Erkunden. Mit dem Krabbenmotiv auf dem Boden sorgt sie daf\u00fcr, dass Ihr Kind Spa\u00df hat, w\u00e4hrend es das Unterwasserleben und seine Geheimnisse entdeckt. Das farbenfrohe und ansprechende Design der Matte weckt das Interesse und die Neugier der Kleinen und f\u00f6rdert so ihre <strong>intellektuelle Entfaltung<\/strong>.<\/p>\n<h2>H\u00f6chste Qualit\u00e4t f\u00fcr eine sichere Nutzung<\/h2>\n<p>Die Sicherheit Ihres Kindes steht f\u00fcr uns an erster Stelle. Deshalb haben wir unsere Krabben-Wassermatte aus hochwertigen, strapazierf\u00e4higen und langlebigen Materialien hergestellt. <em>Rutschfest und leicht zu reinigen<\/em>Diese Matte passt perfekt in Ihren Wohnbereich und kann vertrauensvoll verwendet werden.<\/p>\n<p>Schenken Sie Ihrem Kind eine einzigartige und unvergessliche Montessori-Erfahrung mit unserer Krabben-Wassermatte. Warten Sie nicht l\u00e4nger, um mit Ihrem Kleinen unbezahlbare Momente der Verbundenheit und des Lernens zu erleben. <strong>Kaufen Sie jetzt die Wassermatte Krabbe<\/strong> und lassen Sie sich von der Meereswelt und ihren Wundern mitrei\u00dfen.<\/p>","protected":false},"excerpt":{"rendered":"<p>Le Tapis d&#8217;Eau Crabe : une exp\u00e9rience Montessori in\u00e9dite pour vos enfants Faites d\u00e9couvrir \u00e0 votre enfant le monde fascinant<\/p>","protected":false},"featured_media":11554,"template":"","meta":[],"product_brand":[],"product_cat":[369,357,335,341],"product_tag":[],"class_list":{"0":"post-11551","1":"product","2":"type-product","3":"status-publish","4":"has-post-thumbnail","6":"product_cat-jeu-sensoriel","7":"product_cat-jouet-bain","8":"product_cat-jeux-montessori-0-3mois","9":"product_cat-jeux-montessori-6mois-1an","11":"first","12":"instock","13":"sale","14":"shipping-taxable","15":"purchasable","16":"product-type-simple"},"_links":{"self":[{"href":"https:\/\/das-montessori-spielzeug.de\/de\/wp-json\/wp\/v2\/product\/11551","targetHints":{"allow":["GET"]}}],"collection":[{"href":"https:\/\/das-montessori-spielzeug.de\/de\/wp-json\/wp\/v2\/product"}],"about":[{"href":"https:\/\/das-montessori-spielzeug.de\/de\/wp-json\/wp\/v2\/types\/product"}],"version-history":[{"count":0,"href":"https:\/\/das-montessori-spielzeug.de\/de\/wp-json\/wp\/v2\/product\/11551\/revisions"}],"wp:featuredmedia":[{"embeddable":true,"href":"https:\/\/das-montessori-spielzeug.de\/de\/wp-json\/wp\/v2\/media\/11554"}],"wp:attachment":[{"href":"https:\/\/das-montessori-spielzeug.de\/de\/wp-json\/wp\/v2\/media?parent=11551"}],"wp:term":[{"taxonomy":"product_brand","embeddable":true,"href":"https:\/\/das-montessori-spielzeug.de\/de\/wp-json\/wp\/v2\/product_brand?post=11551"},{"taxonomy":"product_cat","embeddable":true,"href":"https:\/\/das-montessori-spielzeug.de\/de\/wp-json\/wp\/v2\/product_cat?post=11551"},{"taxonomy":"product_tag","embeddable":true,"href":"https:\/\/das-montessori-spielzeug.de\/de\/wp-json\/wp\/v2\/product_tag?post=11551"}],"curies":[{"name":"wp","href":"https:\/\/api.w.org\/{rel}","templated":true}]}}