{"id":11335,"date":"2023-04-13T19:05:28","date_gmt":"2023-04-13T19:05:28","guid":{"rendered":"https:\/\/das-montessori-spielzeug.de\/?post_type=product&#038;p=11335"},"modified":"2024-05-15T00:49:16","modified_gmt":"2024-05-14T23:49:16","slug":"faltbare-bodenmatte-tiere","status":"publish","type":"product","link":"https:\/\/das-montessori-spielzeug.de\/de\/product\/faltbare-bodenmatte-tiere","title":{"rendered":"Faltbare Tier-Bodenmatte"},"content":{"rendered":"<h2>G\u00f6nnen Sie Ihren Kindern eine Welt voller Abenteuer mit der faltbaren Bodenmatte Tiere<\/h2>\n<p>Entdecken Sie die <strong>Faltbare Tier-Bodenmatte<\/strong>Dieser Teppich ist ein echter Lernspielplatz f\u00fcr Ihre Kinder. Dieser einzigartige Teppich bietet ihnen :<\/p>\n<ul>\n<li><em>Stundenlanges Vergn\u00fcgen und Lernen<\/em><\/li>\n<li><em>Optimale Sicherheit durch weiches, sto\u00dffestes Material<\/em><\/li>\n<li><em>Eine bereichernde Montessori-Erfahrung<\/em><\/li>\n<\/ul>\n<h2>Eine Bodenmatte, die f\u00fcr das Wohlbefinden Ihrer Kinder entwickelt wurde<\/h2>\n<p>Die faltbare Bodenmatte Tiere wurde speziell f\u00fcr Kinder ab dem fr\u00fchen Alter entwickelt. Mit seinen <strong>Tiermotive<\/strong> farbenfroh und ansprechend gestaltet, werden Ihre kleinen Entdecker gefesselt und angeregt, w\u00e4hrend sie ihre Neugier und Fantasie entwickeln. Dieser Teppich ist ideal f\u00fcr Eltern, die ihren Kindern einen Ort zum Spielen und spielerischen Lernen bieten m\u00f6chten.<\/p>\n<p>Der Teppich ist aus <strong>rutschfest und wasserfest<\/strong>Das macht sie leicht zu reinigen und sorgt daf\u00fcr, dass Ihre Kinder bei ihren Aktivit\u00e4ten sicher sind. Dar\u00fcber hinaus ist diese Matte <strong>faltbar<\/strong>Das erleichtert die Aufbewahrung und den Transport.<\/p>\n<p><img decoding=\"async\" class=\"aligncenter\" src=\"http:\/\/ae01.alicdn.com\/kf\/H5fbce08c51554a41bdde6e9cb41fc296z.jpg\" alt=\"\" title=\"\"><\/p>\n<h2>Ein ideales Geschenk f\u00fcr Kinder und Eltern<\/h2>\n<p>Die faltbare Bodenmatte Tiere ist das perfekte Geschenk f\u00fcr Eltern, die sich um die Bildung und das Wohlbefinden ihrer Kinder sorgen. Sie entspricht der Montessori-P\u00e4dagogik, die die Selbstst\u00e4ndigkeit und die Entfaltung der Kinder f\u00f6rdert und dabei ihren Lernrhythmus respektiert.<\/p>\n<p>Bieten Sie Ihren Kindern mit dieser Bodenmatte mit tausend Abenteuern die M\u00f6glichkeit, eine einzigartige und fesselnde Erfahrung zu machen. Sie k\u00f6nnen in einer sicheren und anregenden Umgebung Spa\u00df haben, lernen und wachsen.<\/p>","protected":false},"excerpt":{"rendered":"<p>Offrez \u00e0 vos enfants un monde d&#8217;aventure avec le Tapis de Sol Pliable Animaux D\u00e9couvrez le Tapis de Sol Pliable<\/p>","protected":false},"featured_media":11340,"template":"","meta":[],"product_brand":[],"product_cat":[335,341,277],"product_tag":[],"class_list":{"0":"post-11335","1":"product","2":"type-product","3":"status-publish","4":"has-post-thumbnail","6":"product_cat-jeux-montessori-0-3mois","7":"product_cat-jeux-montessori-6mois-1an","8":"product_cat-tapis-de-sol","10":"first","11":"outofstock","12":"sale","13":"shipping-taxable","14":"purchasable","15":"product-type-variable"},"_links":{"self":[{"href":"https:\/\/das-montessori-spielzeug.de\/de\/wp-json\/wp\/v2\/product\/11335","targetHints":{"allow":["GET"]}}],"collection":[{"href":"https:\/\/das-montessori-spielzeug.de\/de\/wp-json\/wp\/v2\/product"}],"about":[{"href":"https:\/\/das-montessori-spielzeug.de\/de\/wp-json\/wp\/v2\/types\/product"}],"version-history":[{"count":0,"href":"https:\/\/das-montessori-spielzeug.de\/de\/wp-json\/wp\/v2\/product\/11335\/revisions"}],"wp:featuredmedia":[{"embeddable":true,"href":"https:\/\/das-montessori-spielzeug.de\/de\/wp-json\/wp\/v2\/media\/11340"}],"wp:attachment":[{"href":"https:\/\/das-montessori-spielzeug.de\/de\/wp-json\/wp\/v2\/media?parent=11335"}],"wp:term":[{"taxonomy":"product_brand","embeddable":true,"href":"https:\/\/das-montessori-spielzeug.de\/de\/wp-json\/wp\/v2\/product_brand?post=11335"},{"taxonomy":"product_cat","embeddable":true,"href":"https:\/\/das-montessori-spielzeug.de\/de\/wp-json\/wp\/v2\/product_cat?post=11335"},{"taxonomy":"product_tag","embeddable":true,"href":"https:\/\/das-montessori-spielzeug.de\/de\/wp-json\/wp\/v2\/product_tag?post=11335"}],"curies":[{"name":"wp","href":"https:\/\/api.w.org\/{rel}","templated":true}]}}