{"id":11199,"date":"2023-04-13T13:28:13","date_gmt":"2023-04-13T13:28:13","guid":{"rendered":"https:\/\/das-montessori-spielzeug.de\/?post_type=product&#038;p=11199"},"modified":"2025-11-26T10:11:00","modified_gmt":"2025-11-26T09:11:00","slug":"montessori-ball-permanent-box","status":"publish","type":"product","link":"https:\/\/das-montessori-spielzeug.de\/de\/product\/montessori-ball-permanent-box","title":{"rendered":"Montessori-Gegenstands-Standortkiste - B\u00e4lle"},"content":{"rendered":"<h2>Schenken Sie Ihrem Kind eine einzigartige Montessori-Erfahrung mit der Montessori-Gegenstands-Standortbox - Kugel.<\/h2>\n<p>Entdecken Sie die <strong>Montessori-Objekt-Standortbox - Kugel<\/strong>Die Montessori-Box ist ein faszinierendes Lernmittel, das zur Entwicklung der Selbstst\u00e4ndigkeit, der Konzentration und der Hand-Augen-Koordination Ihres Kindes beitr\u00e4gt. Diese Montessori-Box wurde speziell f\u00fcr Kinder ab 9 Monaten entwickelt.<\/p>\n<ul>\n<li><em>F\u00f6rdert die Kreativit\u00e4t<\/em> und die Fantasie Ihres Kindes<\/li>\n<li>Verbessert die <strong>Hand-Augen-Koordination<\/strong> und Feinmotorik<\/li>\n<li>F\u00f6rdert die Unabh\u00e4ngigkeit und <em>Selbstvertrauen<\/em><\/li>\n<\/ul>\n<h2>Eine einfache Aktivit\u00e4t f\u00fcr effektives Lernen<\/h2>\n<p>Das Prinzip dieser Box ist einfach: Ihr Kind muss eine\u00a0 <strong>Ball<\/strong> in ein daf\u00fcr vorgesehenes Loch und holen den Gegenstand, der auf der anderen Seite wieder herauskommt. Mit dieser spannenden \u00dcbung entwickelt Ihr Kind seine <em>Objektverst\u00e4ndnis<\/em> und deren Best\u00e4ndigkeit, w\u00e4hrend sie gleichzeitig ihre Feinmotorik und Koordination st\u00e4rken.<\/p>\n<h2>Ein Montessori-Ansatz f\u00fcr die Erziehung Ihrer Kinder<\/h2>\n<p>Der Montessori-Philosophie folgend, f\u00f6rdert die Montessori Object Permanent Box - Ball das Lernen durch Erfahrung und Entdeckung. Ihr Kind wird in seiner Entwicklung angeleitet, indem es <strong>sanft und selbstst\u00e4ndig<\/strong>und dabei Spa\u00df haben. Diese Erziehungsmethode, die von Eltern auf der ganzen Welt gesch\u00e4tzt wird, f\u00f6rdert die Entwicklung und den Erfolg der Kinder durch Aktivit\u00e4ten, die ihrem Alter und ihrem Rhythmus angepasst sind.<\/p>\n<p><em>Schlie\u00dfen Sie sich  an<\/em> die vielen zufriedenen Eltern, die sich f\u00fcr die Montessori-Gegenstands-Standortbox - Kugel entschieden haben, um ihrem Kind eine bereichernde und erf\u00fcllende Erziehung zu erm\u00f6glichen. Lassen Sie sich diese Gelegenheit nicht entgehen und investieren Sie in den <strong>Gl\u00fcck und Bildung<\/strong> Ihres Kindes.<\/p>\n<p><strong><em>Bestellen Sie jetzt<\/em><\/strong> die Montessori-Gegenstands-Dauerbox - Kugel und schenken Sie Ihrem Kind eine unvergessliche Lernerfahrung!<\/p>","protected":false},"excerpt":{"rendered":"<p>Offrez \u00e0 votre enfant une exp\u00e9rience Montessori unique avec la Boite de Permanence d&#8217;Objet Montessori &#8211; Boule. D\u00e9couvrez la Boite<\/p>","protected":false},"featured_media":11649,"template":"","meta":[],"product_brand":[],"product_cat":[421,341,342],"product_tag":[],"class_list":{"0":"post-11199","1":"product","2":"type-product","3":"status-publish","4":"has-post-thumbnail","6":"product_cat-boites-de-permanence","7":"product_cat-jeux-montessori-6mois-1an","8":"product_cat-jeux-montessori-1an-18mois","10":"first","11":"instock","12":"sale","13":"shipping-taxable","14":"purchasable","15":"product-type-variable"},"_links":{"self":[{"href":"https:\/\/das-montessori-spielzeug.de\/de\/wp-json\/wp\/v2\/product\/11199","targetHints":{"allow":["GET"]}}],"collection":[{"href":"https:\/\/das-montessori-spielzeug.de\/de\/wp-json\/wp\/v2\/product"}],"about":[{"href":"https:\/\/das-montessori-spielzeug.de\/de\/wp-json\/wp\/v2\/types\/product"}],"version-history":[{"count":0,"href":"https:\/\/das-montessori-spielzeug.de\/de\/wp-json\/wp\/v2\/product\/11199\/revisions"}],"wp:featuredmedia":[{"embeddable":true,"href":"https:\/\/das-montessori-spielzeug.de\/de\/wp-json\/wp\/v2\/media\/11649"}],"wp:attachment":[{"href":"https:\/\/das-montessori-spielzeug.de\/de\/wp-json\/wp\/v2\/media?parent=11199"}],"wp:term":[{"taxonomy":"product_brand","embeddable":true,"href":"https:\/\/das-montessori-spielzeug.de\/de\/wp-json\/wp\/v2\/product_brand?post=11199"},{"taxonomy":"product_cat","embeddable":true,"href":"https:\/\/das-montessori-spielzeug.de\/de\/wp-json\/wp\/v2\/product_cat?post=11199"},{"taxonomy":"product_tag","embeddable":true,"href":"https:\/\/das-montessori-spielzeug.de\/de\/wp-json\/wp\/v2\/product_tag?post=11199"}],"curies":[{"name":"wp","href":"https:\/\/api.w.org\/{rel}","templated":true}]}}