{"id":11136,"date":"2023-04-13T13:23:50","date_gmt":"2023-04-13T13:23:50","guid":{"rendered":"https:\/\/das-montessori-spielzeug.de\/?post_type=product&#038;p=11136"},"modified":"2025-11-23T09:12:32","modified_gmt":"2025-11-23T08:12:32","slug":"holzbausteine-in-form-von-bunten-steinen","status":"publish","type":"product","link":"https:\/\/das-montessori-spielzeug.de\/de\/product\/holzbausteine-in-form-von-bunten-steinen","title":{"rendered":"Holzbaustein in Form von farbigen Steinen"},"content":{"rendered":"<h2>Erwecken Sie die Fantasie Ihrer Kinder mit diesen Holzbausteinen in Form von bunten Steinen zum Leben.<\/h2>\n<p>Geben Sie Ihren Kindern das ultimative Geschenk der Kreativit\u00e4t mit diesen <strong>Baukl\u00f6tze aus Holz in Form von bunten Steinen<\/strong>. Diese Montessori-Bl\u00f6cke wurden entwickelt, um den Geist Ihrer Kleinen anzuregen und ihre F\u00e4higkeiten zu entwickeln. Sie bringen eine lehrreiche und zugleich spielerische Erfahrung mit sich. Profitieren Sie von :<\/p>\n<ul>\n<li><em>Unbegrenzte Kreativit\u00e4t<\/em> : die Konstruktionsm\u00f6glichkeiten sind unendlich<\/li>\n<li><strong>Spielerisches Lernen<\/strong> : f\u00f6rdert die kognitive Entwicklung und die Feinmotorik<\/li>\n<li><em>H\u00f6chste Qualit\u00e4t<\/em> : langlebige, ungiftige Materialien f\u00fcr optimale Sicherheit<\/li>\n<\/ul>\n<p><img fetchpriority=\"high\" decoding=\"async\" class=\"\" src=\"https:\/\/ae01.alicdn.com\/kf\/H9a9f551bb049417cb5204e71d62a5be0k.jpg\" width=\"510\" height=\"510\" alt=\"\" title=\"\"><\/p>\n<h2>Bl\u00f6cke in verschiedenen Farben und Formen f\u00fcr stundenlangen Spielspa\u00df<\/h2>\n<p>Jedes Set enth\u00e4lt <strong>Holzbausteine<\/strong> an <em>sch\u00f6ne Farben<\/em> und Steinformen, mit <strong>6 verschiedene Farben<\/strong> und <strong>3 Arten von Formen pro Farbe<\/strong>. Diese bunten und vielseitigen Bl\u00f6cke bieten eine gro\u00dfe Vielfalt, um der Fantasie Ihrer Kinder freien Lauf zu lassen. Sie ermutigen sie, einzigartige Kunstwerke zu schaffen und ihr kreatives Potenzial zu erkunden.<\/p>\n<h2>Inspirieren Sie die Montessori-Erziehung zu Hause<\/h2>\n<p>Die Holzbausteine in Form von bunten Steinen sind von der Montessori-P\u00e4dagogik inspiriert, einem Bildungsansatz, der die Selbstst\u00e4ndigkeit und das Lernen durch Erfahrung f\u00f6rdert. Mit diesen Bausteinen k\u00f6nnen Ihre Kinder ihre Umgebung erforschen und entdecken, w\u00e4hrend sie ihre Kreativit\u00e4t und nat\u00fcrliche Neugierde entwickeln. Sie werden lernen, Probleme zu l\u00f6sen, zu kooperieren und mit ihren Geschwistern oder Freunden zu teilen, und dabei Spa\u00df haben.<\/p>\n<p>Warten Sie nicht l\u00e4nger, sondern schenken Sie Ihren Kindern das Geschenk des spielerischen und anregenden Lernens mit diesen <strong>Baukl\u00f6tze aus Holz in Form von bunten Steinen<\/strong>. <em>Verwandeln Sie ihre Spielzeit in ein unvergessliches Bildungserlebnis<\/em> ! <a><strong>F\u00fcgen Sie sie jetzt Ihrem Warenkorb hinzu<\/strong><\/a> und beteiligen Sie sich an der Entfaltung Ihrer kleinen Genies.<\/p>","protected":false},"excerpt":{"rendered":"<p>Donnez vie \u00e0 l&#8217;imagination de vos enfants avec ces Bloc de Construction en Bois forme de pierres color\u00e9es Offrez \u00e0<\/p>","protected":false},"featured_media":11188,"template":"","meta":[],"product_brand":[],"product_cat":[382,354,342,343,344,345,346],"product_tag":[],"class_list":{"0":"post-11136","1":"product","2":"type-product","3":"status-publish","4":"has-post-thumbnail","6":"product_cat-apprendre-volumes","7":"product_cat-jouet-construction","8":"product_cat-jeux-montessori-1an-18mois","9":"product_cat-jeux-montessori-18mois-2ans","10":"product_cat-jeux-montessori-2ans-3-ans","11":"product_cat-jeux-montessori-3ans-4-ans","12":"product_cat-jeux-montessori-4ans-5-plus-ans","14":"first","15":"instock","16":"sale","17":"shipping-taxable","18":"purchasable","19":"product-type-variable"},"_links":{"self":[{"href":"https:\/\/das-montessori-spielzeug.de\/de\/wp-json\/wp\/v2\/product\/11136","targetHints":{"allow":["GET"]}}],"collection":[{"href":"https:\/\/das-montessori-spielzeug.de\/de\/wp-json\/wp\/v2\/product"}],"about":[{"href":"https:\/\/das-montessori-spielzeug.de\/de\/wp-json\/wp\/v2\/types\/product"}],"version-history":[{"count":0,"href":"https:\/\/das-montessori-spielzeug.de\/de\/wp-json\/wp\/v2\/product\/11136\/revisions"}],"wp:featuredmedia":[{"embeddable":true,"href":"https:\/\/das-montessori-spielzeug.de\/de\/wp-json\/wp\/v2\/media\/11188"}],"wp:attachment":[{"href":"https:\/\/das-montessori-spielzeug.de\/de\/wp-json\/wp\/v2\/media?parent=11136"}],"wp:term":[{"taxonomy":"product_brand","embeddable":true,"href":"https:\/\/das-montessori-spielzeug.de\/de\/wp-json\/wp\/v2\/product_brand?post=11136"},{"taxonomy":"product_cat","embeddable":true,"href":"https:\/\/das-montessori-spielzeug.de\/de\/wp-json\/wp\/v2\/product_cat?post=11136"},{"taxonomy":"product_tag","embeddable":true,"href":"https:\/\/das-montessori-spielzeug.de\/de\/wp-json\/wp\/v2\/product_tag?post=11136"}],"curies":[{"name":"wp","href":"https:\/\/api.w.org\/{rel}","templated":true}]}}