{"id":10971,"date":"2023-04-13T13:12:32","date_gmt":"2023-04-13T13:12:32","guid":{"rendered":"https:\/\/das-montessori-spielzeug.de\/?post_type=product&#038;p=10971"},"modified":"2025-06-29T21:55:03","modified_gmt":"2025-06-29T19:55:03","slug":"sensorisches-7-in-1-set","status":"publish","type":"product","link":"https:\/\/das-montessori-spielzeug.de\/de\/product\/sensorisches-7-in-1-set","title":{"rendered":"7-in-1-Montessori-Sensorik-Set"},"content":{"rendered":"<h2>7-in-1-Sensorik-Set: Verwandeln Sie die Lernzeit Ihrer Kinder in unterhaltsame Momente.<\/h2>\n<p>Entdecken Sie die <strong>Sensorik-Set 7 in 1<\/strong>ist die ideale L\u00f6sung, um die Wachheit und Kreativit\u00e4t Ihrer Kinder zu f\u00f6rdern und gleichzeitig Spa\u00df zu haben. Nach den Grunds\u00e4tzen der Montessori-P\u00e4dagogik konzipiert, bietet dieser spielerische, farbenfrohe und kreative Aktivit\u00e4tenbogen :<\/p>\n<ul>\n<li>Spielerisches und p\u00e4dagogisches Lernen: F\u00f6rdert die Entwicklung der motorischen, kognitiven und sensorischen F\u00e4higkeiten Ihrer Kinder, insbesondere der Feinmotorik.<\/li>\n<li>Alle Themen: Jede Seite ist ein anderes Aktivit\u00e4tsbrett und bietet eine Vielfalt an bunten Herausforderungen, die die Aufmerksamkeit jedes Kindes - ob Kleinkind oder Kleinstkind - fesseln und ihnen helfen, die Welt um sie herum zu entdecken.<\/li>\n<li>Leicht transportierbar: L\u00e4sst sich leicht zusammenklappen und transportieren, um Ihre Kinder \u00fcberall zu unterhalten, auch im Freien.<\/li>\n<\/ul>\n<p><img fetchpriority=\"high\" decoding=\"async\" class=\"aligncenter wp-image-11936\" src=\"https:\/\/das-montessori-spielzeug.de\/wp-content\/uploads\/2023\/04\/kit-sensoriel-7-en-1-pages.webp\" alt=\"Sensorik-Kit 7 in 1 Seitenbeschreibung\" width=\"634\" height=\"634\" title=\"\" srcset=\"https:\/\/das-montessori-spielzeug.de\/wp-content\/uploads\/2023\/04\/kit-sensoriel-7-en-1-pages.webp 1500w, https:\/\/das-montessori-spielzeug.de\/wp-content\/uploads\/2023\/04\/kit-sensoriel-7-en-1-pages-300x300.webp 300w, https:\/\/das-montessori-spielzeug.de\/wp-content\/uploads\/2023\/04\/kit-sensoriel-7-en-1-pages-800x800.webp 800w, https:\/\/das-montessori-spielzeug.de\/wp-content\/uploads\/2023\/04\/kit-sensoriel-7-en-1-pages-150x150.webp 150w, https:\/\/das-montessori-spielzeug.de\/wp-content\/uploads\/2023\/04\/kit-sensoriel-7-en-1-pages-768x768.webp 768w, https:\/\/das-montessori-spielzeug.de\/wp-content\/uploads\/2023\/04\/kit-sensoriel-7-en-1-pages-40x40.webp 40w, https:\/\/das-montessori-spielzeug.de\/wp-content\/uploads\/2023\/04\/kit-sensoriel-7-en-1-pages-132x132.webp 132w, https:\/\/das-montessori-spielzeug.de\/wp-content\/uploads\/2023\/04\/kit-sensoriel-7-en-1-pages-860x860.webp 860w, https:\/\/das-montessori-spielzeug.de\/wp-content\/uploads\/2023\/04\/kit-sensoriel-7-en-1-pages-430x430.webp 430w, https:\/\/das-montessori-spielzeug.de\/wp-content\/uploads\/2023\/04\/kit-sensoriel-7-en-1-pages-700x700.webp 700w\" sizes=\"(max-width: 634px) 100vw, 634px\" \/><\/p>\n<h2>Verfolgen Sie den Montessori-Ansatz f\u00fcr ein erf\u00fcllendes Lernen<\/h2>\n<p>Die <strong>Sensorik-Set 7 in 1<\/strong> f\u00f6rdert die Selbstst\u00e4ndigkeit und das Selbstvertrauen Ihrer Kinder, indem es ihnen eine geeignete Lernumgebung bietet. Sein vielseitiges, farbenfrohes und entwicklungsf\u00e4higes Design begleitet sie in ihrer Entwicklung und erm\u00f6glicht es ihnen, in ihrem eigenen Tempo Fortschritte zu machen, w\u00e4hrend sie in das praktische Leben eingef\u00fchrt werden.<\/p>\n<p><img decoding=\"async\" class=\"wp-image-12938 aligncenter\" src=\"https:\/\/das-montessori-spielzeug.de\/wp-content\/uploads\/2023\/04\/kit-sensoriel-7-en-1-montessori.webp\" alt=\"sensorisches Set 7 in 1 , ein M\u00e4dchen und ihre Mutter\" width=\"448\" height=\"448\" title=\"\" srcset=\"https:\/\/das-montessori-spielzeug.de\/wp-content\/uploads\/2023\/04\/kit-sensoriel-7-en-1-montessori.webp 416w, https:\/\/das-montessori-spielzeug.de\/wp-content\/uploads\/2023\/04\/kit-sensoriel-7-en-1-montessori-300x300.webp 300w, https:\/\/das-montessori-spielzeug.de\/wp-content\/uploads\/2023\/04\/kit-sensoriel-7-en-1-montessori-150x150.webp 150w, https:\/\/das-montessori-spielzeug.de\/wp-content\/uploads\/2023\/04\/kit-sensoriel-7-en-1-montessori-40x40.webp 40w, https:\/\/das-montessori-spielzeug.de\/wp-content\/uploads\/2023\/04\/kit-sensoriel-7-en-1-montessori-132x132.webp 132w\" sizes=\"(max-width: 448px) 100vw, 448px\" \/><\/p>\n<p>&nbsp;<\/p>\n<h2>Eine Vielzahl von Aktivit\u00e4ten, um die F\u00e4higkeiten Ihrer Kinder zu f\u00f6rdern<\/h2>\n<p>Jede der sieben Seiten dieses Sensorik-Kits ist vollgepackt mit spannenden Aktivit\u00e4ten, die die Fantasie und Kreativit\u00e4t Ihrer Kinder anregen sollen. Sie k\u00f6nnen verschiedene Texturen wie Samt, lustige Mechanismen und attraktive Formen und Farben auf sichere Weise erforschen. Das 7-in-1-Sensorik-Set ist das perfekte Werkzeug f\u00fcr Eltern, die ihren Kindern eine bereichernde Erziehung bieten m\u00f6chten.<\/p>\n<p>&nbsp;<\/p>\n<p><img decoding=\"async\" class=\"alignnone size-full wp-image-11938\" src=\"https:\/\/das-montessori-spielzeug.de\/wp-content\/uploads\/2023\/04\/kit-sensoriel-7-en-1-utilisations.webp\" alt=\"Anwendungsfall Sensorisches 7-in-1-Kit\" width=\"1500\" height=\"1500\" title=\"\" srcset=\"https:\/\/das-montessori-spielzeug.de\/wp-content\/uploads\/2023\/04\/kit-sensoriel-7-en-1-utilisations.webp 1500w, https:\/\/das-montessori-spielzeug.de\/wp-content\/uploads\/2023\/04\/kit-sensoriel-7-en-1-utilisations-300x300.webp 300w, https:\/\/das-montessori-spielzeug.de\/wp-content\/uploads\/2023\/04\/kit-sensoriel-7-en-1-utilisations-800x800.webp 800w, https:\/\/das-montessori-spielzeug.de\/wp-content\/uploads\/2023\/04\/kit-sensoriel-7-en-1-utilisations-150x150.webp 150w, https:\/\/das-montessori-spielzeug.de\/wp-content\/uploads\/2023\/04\/kit-sensoriel-7-en-1-utilisations-768x768.webp 768w, https:\/\/das-montessori-spielzeug.de\/wp-content\/uploads\/2023\/04\/kit-sensoriel-7-en-1-utilisations-40x40.webp 40w, https:\/\/das-montessori-spielzeug.de\/wp-content\/uploads\/2023\/04\/kit-sensoriel-7-en-1-utilisations-132x132.webp 132w, https:\/\/das-montessori-spielzeug.de\/wp-content\/uploads\/2023\/04\/kit-sensoriel-7-en-1-utilisations-860x860.webp 860w, https:\/\/das-montessori-spielzeug.de\/wp-content\/uploads\/2023\/04\/kit-sensoriel-7-en-1-utilisations-430x430.webp 430w, https:\/\/das-montessori-spielzeug.de\/wp-content\/uploads\/2023\/04\/kit-sensoriel-7-en-1-utilisations-700x700.webp 700w\" sizes=\"(max-width: 1500px) 100vw, 1500px\" \/><\/p>\n<p>Mit anregenden Lerninhalten und taktilen Elementen k\u00f6nnen Ihre Kinder spielerisch ihr Selbstvertrauen entwickeln. Die Auswahl an Spielen nach der Montessori-Methode tr\u00e4gt zur Entwicklung Ihrer Kleinen bei, indem sie ihnen hilft, wichtige F\u00e4higkeiten f\u00fcr ihre Entwicklung zu erwerben und ihre Sinne in der fr\u00fchen Kindheit zu wecken.<\/p>\n<p>Unter anderem k\u00f6nnen die Kinder verschiedene Elemente greifen und abtrennen und so ihre Feinmotorik f\u00f6rdern. Dieses echte Buch mit sinnlichen Aktivit\u00e4ten wird kleine neugierige Kinder fesseln und anregen.<\/p>\n<p>Lassen Sie sich diese Gelegenheit nicht entgehen, Ihren Kindern eine au\u00dfergew\u00f6hnliche Lernerfahrung zu bieten. Das Sensorik-Set 7-in-1 ist eine tolle Geschenkidee f\u00fcr Eltern und Kinder. Bestellen Sie jetzt Ihr 7-in-1 Sensorik-Kit und erleben Sie, wie Ihre Kinder auf spielerische Weise aufbl\u00fchen und wachsen.<\/p>\n<p>&nbsp;<\/p>\n<p>&nbsp;<\/p>","protected":false},"excerpt":{"rendered":"<ul>\n<li>Spielerisches Lernen<\/li>\n<li>Gro\u00dfe Vielfalt an Themen<\/li>\n<li>Leicht transportierbar<\/li>\n<\/ul>","protected":false},"featured_media":10970,"template":"","meta":[],"product_brand":[],"product_cat":[392,905,406,369,342,343,344],"product_tag":[],"class_list":{"0":"post-10971","1":"product","2":"type-product","3":"status-publish","4":"has-post-thumbnail","6":"product_cat-apprentissage-autonomie","7":"product_cat-bestseller","8":"product_cat-busy-board-montessori","9":"product_cat-jeu-sensoriel","10":"product_cat-jeux-montessori-1an-18mois","11":"product_cat-jeux-montessori-18mois-2ans","12":"product_cat-jeux-montessori-2ans-3-ans","14":"first","15":"instock","16":"sale","17":"shipping-taxable","18":"purchasable","19":"product-type-variable"},"_links":{"self":[{"href":"https:\/\/das-montessori-spielzeug.de\/de\/wp-json\/wp\/v2\/product\/10971","targetHints":{"allow":["GET"]}}],"collection":[{"href":"https:\/\/das-montessori-spielzeug.de\/de\/wp-json\/wp\/v2\/product"}],"about":[{"href":"https:\/\/das-montessori-spielzeug.de\/de\/wp-json\/wp\/v2\/types\/product"}],"version-history":[{"count":0,"href":"https:\/\/das-montessori-spielzeug.de\/de\/wp-json\/wp\/v2\/product\/10971\/revisions"}],"wp:featuredmedia":[{"embeddable":true,"href":"https:\/\/das-montessori-spielzeug.de\/de\/wp-json\/wp\/v2\/media\/10970"}],"wp:attachment":[{"href":"https:\/\/das-montessori-spielzeug.de\/de\/wp-json\/wp\/v2\/media?parent=10971"}],"wp:term":[{"taxonomy":"product_brand","embeddable":true,"href":"https:\/\/das-montessori-spielzeug.de\/de\/wp-json\/wp\/v2\/product_brand?post=10971"},{"taxonomy":"product_cat","embeddable":true,"href":"https:\/\/das-montessori-spielzeug.de\/de\/wp-json\/wp\/v2\/product_cat?post=10971"},{"taxonomy":"product_tag","embeddable":true,"href":"https:\/\/das-montessori-spielzeug.de\/de\/wp-json\/wp\/v2\/product_tag?post=10971"}],"curies":[{"name":"wp","href":"https:\/\/api.w.org\/{rel}","templated":true}]}}