{"id":10586,"date":"2023-04-11T22:55:47","date_gmt":"2023-04-11T22:55:47","guid":{"rendered":"https:\/\/das-montessori-spielzeug.de\/?post_type=product&#038;p=10586"},"modified":"2023-08-30T08:14:43","modified_gmt":"2023-08-30T08:14:43","slug":"set-aus-6-bausteinen-aus-weichem-silikon-fur-babys","status":"publish","type":"product","link":"https:\/\/das-montessori-spielzeug.de\/de\/product\/set-aus-6-bausteinen-aus-weichem-silikon-fur-babys","title":{"rendered":"Set mit 6 Babybausteinen aus weichem Silikon"},"content":{"rendered":"<p>Die Bl\u00f6cke haben eine runde Form und k\u00f6nnen zu einem Jenga-Turm gestapelt werden. Sie k\u00f6nnen auch als Gummi-Bei\u00dfspielzeug f\u00fcr Babys verwendet werden. Ihr Gewicht betr\u00e4gt 288 g und ihre Gr\u00f6\u00dfe ist f\u00fcr Kinder geeignet.<\/p>\n<p>Diese Bl\u00f6cke bieten mehrere interessante Eigenschaften f\u00fcr Kinder. Sie helfen ihnen, ihr logisches Denkverm\u00f6gen zu entwickeln, und erm\u00f6glichen es ihnen, ihr kooperatives Denken zu trainieren und gleichzeitig ihre handwerklichen F\u00e4higkeiten zu verbessern. Die Kinder k\u00f6nnen auch ihre F\u00e4higkeit entwickeln, Formen und Objekte zu unterscheiden und ihre Hand- und Augenbewegungen zu koordinieren. Durch das Spielen mit diesen Bl\u00f6cken k\u00f6nnen Kinder auch ihre sensorische Entwicklung und ihr kognitives Denken f\u00f6rdern, w\u00e4hrend sie lernen, verschiedene Farben zu erkennen.<\/p>\n<p>Diese Bausteine sind daher ein tolles Spielzeug f\u00fcr Babys und bieten viele M\u00f6glichkeiten, ihre kognitiven und k\u00f6rperlichen F\u00e4higkeiten auf spielerische und lehrreiche Weise zu entwickeln. Sie sind auch ein tolles Geschenk f\u00fcr Kinder, die gerne Bau- oder Stapelspiele spielen.<\/p>","protected":false},"excerpt":{"rendered":"<p>Les blocs ont une forme ronde et peuvent \u00eatre empil\u00e9s pour former une tour de Jenga. Ils peuvent \u00e9galement \u00eatre<\/p>","protected":false},"featured_media":10585,"template":"","meta":[],"product_brand":[],"product_cat":[382,368,341,342,343],"product_tag":[],"class_list":{"0":"post-10586","1":"product","2":"type-product","3":"status-publish","4":"has-post-thumbnail","6":"product_cat-apprendre-volumes","7":"product_cat-jouet-empilement","8":"product_cat-jeux-montessori-6mois-1an","9":"product_cat-jeux-montessori-1an-18mois","10":"product_cat-jeux-montessori-18mois-2ans","12":"first","13":"instock","14":"shipping-taxable","15":"purchasable","16":"product-type-variable"},"_links":{"self":[{"href":"https:\/\/das-montessori-spielzeug.de\/de\/wp-json\/wp\/v2\/product\/10586","targetHints":{"allow":["GET"]}}],"collection":[{"href":"https:\/\/das-montessori-spielzeug.de\/de\/wp-json\/wp\/v2\/product"}],"about":[{"href":"https:\/\/das-montessori-spielzeug.de\/de\/wp-json\/wp\/v2\/types\/product"}],"version-history":[{"count":0,"href":"https:\/\/das-montessori-spielzeug.de\/de\/wp-json\/wp\/v2\/product\/10586\/revisions"}],"wp:featuredmedia":[{"embeddable":true,"href":"https:\/\/das-montessori-spielzeug.de\/de\/wp-json\/wp\/v2\/media\/10585"}],"wp:attachment":[{"href":"https:\/\/das-montessori-spielzeug.de\/de\/wp-json\/wp\/v2\/media?parent=10586"}],"wp:term":[{"taxonomy":"product_brand","embeddable":true,"href":"https:\/\/das-montessori-spielzeug.de\/de\/wp-json\/wp\/v2\/product_brand?post=10586"},{"taxonomy":"product_cat","embeddable":true,"href":"https:\/\/das-montessori-spielzeug.de\/de\/wp-json\/wp\/v2\/product_cat?post=10586"},{"taxonomy":"product_tag","embeddable":true,"href":"https:\/\/das-montessori-spielzeug.de\/de\/wp-json\/wp\/v2\/product_tag?post=10586"}],"curies":[{"name":"wp","href":"https:\/\/api.w.org\/{rel}","templated":true}]}}